{"id":71,"date":"2016-09-06T21:03:25","date_gmt":"2016-09-06T21:03:25","guid":{"rendered":"http:\/\/kunstgartensteimuegeri.ch\/?page_id=71"},"modified":"2023-11-08T20:53:28","modified_gmt":"2023-11-08T20:53:28","slug":"biografie","status":"publish","type":"page","link":"https:\/\/kunstgartensteimuegeri.ch\/?page_id=71","title":{"rendered":"\u00dcber mich"},"content":{"rendered":"\n<p>Elvira Meierhans \u2013 Sax<br>Bannstrasse 38<br>6312 Steinhausen<br>Tel. 041 741 51 83 \/ 079 775 31 80<br><a href=\"http:\/\/kunstgartensteimuegeri.ch\/\" data-type=\"page\" data-id=\"106\">www.kunstgartensteimuegeri.ch<\/a><br><\/p>\n\n\n\n<figure class=\"wp-block-table is-style-stripes\"><table><tbody><tr><td>1954<\/td><td>geboren<\/td><\/tr><tr><td>1975<\/td><td>Lehrabschluss Damenschneiderin<\/td><\/tr><tr><td>1980 \u2013 93<\/td><td>Opernhaus Z\u00fcrich, Bundestheaterverband Wien (Bearbeitung)Grand th\u00e9atre Gen\u00e9ve, Holiday on ice, Schauspielhaus Z\u00fcrich,Ausstattungen Gastspieltheater Z\u00fcrich, div. Projekte in<br>Lausanne und Lyon<\/td><\/tr><tr><td>1977 \u2013 2007<\/td><td>Regelm\u00e4ssige Kurse <br>Kunstgewerbeschule Luzern<br>Hochschule der K\u00fcnste Z\u00fcrich<br>Scuola di Scultura Peccia<\/td><\/tr><tr><td>2023<\/td><td>Gastatelier Seewald Ronco s Ascona 14. Aug. bis 30. Sept<strong>.<\/strong><\/td><\/tr><\/tbody><\/table><\/figure>\n\n\n\n<h2 class=\"wp-block-heading\">Aktivit\u00e4ten<\/h2>\n\n\n\n<figure class=\"wp-block-table is-style-stripes\"><table><tbody><tr><td>2023<\/td><td>Ausstellung, Musik und Tavolata, Shedhalle Zug. Gruppenausstellung<\/td><\/tr><tr><td>2022<\/td><td>\u201e Alltag \u201e Kunstkiosk Baar<\/td><\/tr><tr><td>2021<\/td><td>Gruppenausstellung, Quartierwerk Bannstasse 23a<\/td><\/tr><tr><td>2015<\/td><td>\u201eG\u00d6MMER EIS GO ZIEH?\u201c Ausstellung und Installation: Geschichten<br>und Bilder der verschwundenen Gasth\u00e4user, Wirtschaften und Beizen<br>von Baar. Die Ausstellung befindet sich in der Gemeinde Baar im<br>Archiv. Herausgabe des Buches zusammen mit Barbara Schweiger.<\/td><\/tr><tr><td>2011<\/td><td>Taufb\u00fccher: Intervention (Sichtbar\/H\u00f6rbar) St. Matthias Steinhausen<\/td><\/tr><tr><td><\/td><td><\/td><\/tr><\/tbody><\/table><\/figure>\n\n\n\n<p>Organisation und Teilnahme von Kunstwochenenden im Kunstgarten Steim\u00fcgeri in Steinhausen mit diversen K\u00fcnstlern<\/p>\n\n\n\n<figure class=\"wp-block-table is-style-stripes\"><table><tbody><tr><td>2017<\/td><td>\u201eDER LAUF DER ZEIT\u201e Ausstellung mit und \u00fcber Generationen<\/td><\/tr><tr><td>2010<\/td><td>VOLL-LUST-VOLL<\/td><\/tr><tr><td>2009<\/td><td>MANNSCHAFFT<\/td><\/tr><tr><td>2008<\/td><td>1. WEIBLICH UNBESCHREIBICH\u2026\u2026.<\/td><\/tr><tr><td>seit 1999<\/td><td>verheiratet und Mutter von drei Kindern,<br>lebt und arbeitet in Steinhausen ( ZG )<\/td><\/tr><\/tbody><\/table><\/figure>\n","protected":false},"excerpt":{"rendered":"<p>Elvira Meierhans \u2013 SaxBannstrasse 386312 SteinhausenTel. 041 741 51 83 \/ 079 775 31 80www.kunstgartensteimuegeri.ch 1954 geboren 1975 Lehrabschluss Damenschneiderin 1980 \u2013 93 Opernhaus Z\u00fcrich, Bundestheaterverband Wien (Bearbeitung)Grand th\u00e9atre Gen\u00e9ve, Holiday on ice, Schauspielhaus Z\u00fcrich,Ausstattungen Gastspieltheater Z\u00fcrich, div. Projekte inLausanne und Lyon 1977 \u2013 2007 Regelm\u00e4ssige Kurse Kunstgewerbeschule LuzernHochschule der K\u00fcnste Z\u00fcrichScuola di Scultura Peccia [&hellip;]<\/p>\n","protected":false},"author":1,"featured_media":0,"parent":0,"menu_order":0,"comment_status":"closed","ping_status":"closed","template":"","meta":{"footnotes":""},"_links":{"self":[{"href":"https:\/\/kunstgartensteimuegeri.ch\/index.php?rest_route=\/wp\/v2\/pages\/71"}],"collection":[{"href":"https:\/\/kunstgartensteimuegeri.ch\/index.php?rest_route=\/wp\/v2\/pages"}],"about":[{"href":"https:\/\/kunstgartensteimuegeri.ch\/index.php?rest_route=\/wp\/v2\/types\/page"}],"author":[{"embeddable":true,"href":"https:\/\/kunstgartensteimuegeri.ch\/index.php?rest_route=\/wp\/v2\/users\/1"}],"replies":[{"embeddable":true,"href":"https:\/\/kunstgartensteimuegeri.ch\/index.php?rest_route=%2Fwp%2Fv2%2Fcomments&post=71"}],"version-history":[{"count":19,"href":"https:\/\/kunstgartensteimuegeri.ch\/index.php?rest_route=\/wp\/v2\/pages\/71\/revisions"}],"predecessor-version":[{"id":803,"href":"https:\/\/kunstgartensteimuegeri.ch\/index.php?rest_route=\/wp\/v2\/pages\/71\/revisions\/803"}],"wp:attachment":[{"href":"https:\/\/kunstgartensteimuegeri.ch\/index.php?rest_route=%2Fwp%2Fv2%2Fmedia&parent=71"}],"curies":[{"name":"wp","href":"https:\/\/api.w.org\/{rel}","templated":true}]}}