{"id":63,"date":"2016-09-06T20:56:15","date_gmt":"2016-09-06T20:56:15","guid":{"rendered":"http:\/\/kunstgartensteimuegeri.ch\/?page_id=63"},"modified":"2023-05-21T16:59:13","modified_gmt":"2023-05-21T16:59:13","slug":"enstehung","status":"publish","type":"page","link":"https:\/\/kunstgartensteimuegeri.ch\/?page_id=63","title":{"rendered":"Enstehung"},"content":{"rendered":"<p>Die Steim\u00fcgeri, wie die \u00e4lteren Steinhauser sagen, ist ein \u00fcber<br \/>\nzweihundert Jahre altes Bauernhaus und steht seit 1793 an der Bannstrasse, Richtung Waldsee.<br \/>\nSeit Mitte November 2006 wohnen wir in diesem altehrw\u00fcrdigen Haus an dieser sch\u00f6nen Lage. Mit Tenn, Stall, Schopf und Umschwung wachsen die Ideen wie Pilze aus dem Boden. Der Stall wurde mein Atelier. Immer wieder musste ich hinaus mit meinen Skulpturen, sie befreien, ihnen die<br \/>\nW\u00e4nde nehmen und sie in ein anderes Licht stellen. Ich war erstaunt wie sie sich ver\u00e4nderten. So ist der Kunstgarten entstanden mit der ersten Ausstellung.<br \/>\nDie Kunst im Garten ins Licht gestellt, ergibt ganz andere Oberfl\u00e4chen, Farben, Formen und T\u00f6ne. Sie fasziniert, wird lebendig und ver\u00e4ndert sich laufend. Sonne und Schatten, selbst Regen und die vier Jahreszeiten haben Einfluss auf<br \/>\nderen Ausdruck.<\/p>\n<p><strong>Ausstellungen<\/strong><br \/>\nIm Jahr 2008 entstand die erste Ausstellung. K\u00fcnstler aus der Region hatten Gelegenheit ihre Werke in unserem Garten zu zeigen. In den Jahren darauf folgten zwei weitere Ausstellungen und somit entstand die Trilogie:<br \/>\n2008 <a href=\"http:\/\/kunstgartensteimuegeri.ch\/?page_id=2#weib\">weiblich&#8230;unbeschreiblich&#8230;<\/a><br \/>\n2009 <a href=\"http:\/\/kunstgartensteimuegeri.ch\/?page_id=2#mannschafft\">Mannschafft<\/a><br \/>\n2010 <a href=\"http:\/\/kunstgartensteimuegeri.ch\/?page_id=2#voll\">voll lustvoll<\/a><\/p>\n<p>2017 <a href=\"http:\/\/kunstgartensteimuegeri.ch\/?page_id=2#laufderzeit\">Lauf der Zeit<\/a><\/p>\n","protected":false},"excerpt":{"rendered":"<p>Die Steim\u00fcgeri, wie die \u00e4lteren Steinhauser sagen, ist ein \u00fcber zweihundert Jahre altes Bauernhaus und steht seit 1793 an der Bannstrasse, Richtung Waldsee. Seit Mitte November 2006 wohnen wir in diesem altehrw\u00fcrdigen Haus an dieser sch\u00f6nen Lage. Mit Tenn, Stall, Schopf und Umschwung wachsen die Ideen wie Pilze aus dem Boden. Der Stall wurde mein [&hellip;]<\/p>\n","protected":false},"author":1,"featured_media":0,"parent":0,"menu_order":0,"comment_status":"closed","ping_status":"closed","template":"","meta":{"footnotes":""},"_links":{"self":[{"href":"https:\/\/kunstgartensteimuegeri.ch\/index.php?rest_route=\/wp\/v2\/pages\/63"}],"collection":[{"href":"https:\/\/kunstgartensteimuegeri.ch\/index.php?rest_route=\/wp\/v2\/pages"}],"about":[{"href":"https:\/\/kunstgartensteimuegeri.ch\/index.php?rest_route=\/wp\/v2\/types\/page"}],"author":[{"embeddable":true,"href":"https:\/\/kunstgartensteimuegeri.ch\/index.php?rest_route=\/wp\/v2\/users\/1"}],"replies":[{"embeddable":true,"href":"https:\/\/kunstgartensteimuegeri.ch\/index.php?rest_route=%2Fwp%2Fv2%2Fcomments&post=63"}],"version-history":[{"count":7,"href":"https:\/\/kunstgartensteimuegeri.ch\/index.php?rest_route=\/wp\/v2\/pages\/63\/revisions"}],"predecessor-version":[{"id":731,"href":"https:\/\/kunstgartensteimuegeri.ch\/index.php?rest_route=\/wp\/v2\/pages\/63\/revisions\/731"}],"wp:attachment":[{"href":"https:\/\/kunstgartensteimuegeri.ch\/index.php?rest_route=%2Fwp%2Fv2%2Fmedia&parent=63"}],"curies":[{"name":"wp","href":"https:\/\/api.w.org\/{rel}","templated":true}]}}